{"id":12,"date":"2015-02-27T20:08:15","date_gmt":"2015-02-27T19:08:15","guid":{"rendered":"http:\/\/www.waldfreibad.com\/wordpress\/?page_id=12"},"modified":"2026-04-20T14:48:46","modified_gmt":"2026-04-20T12:48:46","slug":"53349497430e4b910","status":"publish","type":"page","link":"https:\/\/www.waldfreibad.com\/?page_id=12","title":{"rendered":"\u00d6ffnungszeiten und Eintrittspreise"},"content":{"rendered":"<p><strong>\u00d6ffnungszeiten<\/strong><\/p>\n<p>Kassen\u00f6ffnung t\u00e4glich von 10:00 Uhr bis 18:30 Uhr (Kassenschluss ist flexibel je nach Wetter)<\/p>\n<p><strong><span style=\"color: #ff0000;\">Montag Ruhetag, das Bad bleibt geschlossen!<\/span><\/strong><\/p>\n<p>Bei Niederschlag oder Bew\u00f6lkung bei niederen Temperaturen:<br \/>\nKassen\u00f6ffnung von 14:00 Uhr bis 17:00 Uhr&nbsp;<\/p>\n<p><strong>Verlassen des Bades 1 Stunde nach Kassenschluss<\/strong><\/p>\n<p>&nbsp;<\/p>\n<p><strong>Eintrittspreise<\/strong><\/p>\n<table border=\"1\">\n<tbody>\n<tr>\n<td>Erwachsene (ab 17 Jahre)<\/td>\n<td>&nbsp;4,50 \u20ac<\/td>\n<\/tr>\n<tr>\n<td>Kinder (ab 3 Jahre) \/ Jugendliche (bis 16 Jahre) \/<br \/>\nSchwerbehinderte ab 80%<\/td>\n<td>&nbsp;3,- \u20ac<\/td>\n<\/tr>\n<tr>\n<td>Schlechtwetter \/ unbesetzte Kasse<\/td>\n<td>&nbsp;3,- \u20ac<\/td>\n<\/tr>\n<tr>\n<td>Feierabendtarif ab 17 Uhr<\/td>\n<td>&nbsp;3,- \u20ac<\/td>\n<\/tr>\n<\/tbody>\n<\/table>\n<p><strong>Die Preise gelten f\u00fcr jeglichen Eintritt unabh\u00e4ngig von der Uhrzeit.<br \/>\n<\/strong><strong>Eine Eintrittskarte beh\u00e4lt die G\u00fcltigkeit f\u00fcr den ganzen Tag.<br \/>\n<\/strong><strong>Keine Gruppenkarten erh\u00e4ltlich.<\/strong><\/p>\n<p><strong>Saisonkarten&nbsp;&nbsp;&nbsp;&nbsp;<\/strong><\/p>\n<table border=\"1\">\n<tbody>\n<tr>\n<td>&nbsp;<\/td>\n<td>regul\u00e4r\/Vorverkauf<\/td>\n<\/tr>\n<tr>\n<td>Erwachsene (ab 17 Jahre)<\/td>\n<td>70,- \/ 60,- \u20ac<\/td>\n<\/tr>\n<tr>\n<td>Kinder (ab 3 Jahre) \/ Jugendliche (bis 16 Jahre) \/<br \/>\nSchwerbehinderte ab 80%<\/td>\n<td>60,- \/ 50,- \u20ac<\/td>\n<\/tr>\n<tr>\n<td>Familien<\/td>\n<td>125,- \/ 115,- \u20ac<\/td>\n<\/tr>\n<\/tbody>\n<\/table>\n<p><strong>Pfand f\u00fcr Liegestuhl bzw. Set Tischtennis 5,- \u20ac&nbsp; &nbsp; &nbsp;&nbsp;<\/strong><\/p>\n","protected":false},"excerpt":{"rendered":"<p>Waldfreibad H\u00e4usern H\u00f6chenschwand<\/p>\n","protected":false},"author":1,"featured_media":0,"parent":9,"menu_order":0,"comment_status":"closed","ping_status":"closed","template":"","meta":{"ngg_post_thumbnail":0,"footnotes":""},"class_list":["post-12","page","type-page","status-publish","hentry"],"_links":{"self":[{"href":"https:\/\/www.waldfreibad.com\/index.php?rest_route=\/wp\/v2\/pages\/12","targetHints":{"allow":["GET"]}}],"collection":[{"href":"https:\/\/www.waldfreibad.com\/index.php?rest_route=\/wp\/v2\/pages"}],"about":[{"href":"https:\/\/www.waldfreibad.com\/index.php?rest_route=\/wp\/v2\/types\/page"}],"author":[{"embeddable":true,"href":"https:\/\/www.waldfreibad.com\/index.php?rest_route=\/wp\/v2\/users\/1"}],"replies":[{"embeddable":true,"href":"https:\/\/www.waldfreibad.com\/index.php?rest_route=%2Fwp%2Fv2%2Fcomments&post=12"}],"version-history":[{"count":28,"href":"https:\/\/www.waldfreibad.com\/index.php?rest_route=\/wp\/v2\/pages\/12\/revisions"}],"predecessor-version":[{"id":1962,"href":"https:\/\/www.waldfreibad.com\/index.php?rest_route=\/wp\/v2\/pages\/12\/revisions\/1962"}],"up":[{"embeddable":true,"href":"https:\/\/www.waldfreibad.com\/index.php?rest_route=\/wp\/v2\/pages\/9"}],"wp:attachment":[{"href":"https:\/\/www.waldfreibad.com\/index.php?rest_route=%2Fwp%2Fv2%2Fmedia&parent=12"}],"curies":[{"name":"wp","href":"https:\/\/api.w.org\/{rel}","templated":true}]}}