{"id":189,"date":"2015-02-27T19:10:16","date_gmt":"2015-02-27T19:10:16","guid":{"rendered":"http:\/\/www.waldfreibad.com\/wordpress\/?page_id=189"},"modified":"2025-04-14T19:54:46","modified_gmt":"2025-04-14T17:54:46","slug":"vorstandschaft","status":"publish","type":"page","link":"https:\/\/www.waldfreibad.com\/?page_id=189","title":{"rendered":"Vorstandschaft"},"content":{"rendered":"<p>Die Vorstandschaft des F\u00f6rdervereins &#8222;Freunde des Waldfreibades e.V.&#8220; begr\u00fc\u00dft Sie auf der Website des Waldfreibades H\u00e4usern-H\u00f6chenschwand.<br \/>\nWir haben uns die Aufgabe gestellt den Betrieb des Waldfreibades sicherzustellen und so der Bev\u00f6lkerung und den Besuchern der Region ein attraktiven Freizeitgestaltung zu erm\u00f6glichen.<\/p>\n<p>Wir freuen uns \u00fcber jeder Unterst\u00fctzung und begr\u00fc\u00dfen Sie auch gerne im Vorstands-Team, falls Sie Lust haben an dieser spannenden und erf\u00fcllenden Aufgabe&nbsp;mitzuwirken.<\/p>\n<table class=\"content\" style=\"height: 576px; width: 99.84%;\" width=\"100%\" cellspacing=\"2\">\n<tbody>\n<tr class=\"odd\" style=\"height: 24px;\">\n<td class=\"cell\" style=\"height: 10px; width: 23.52%;\" align=\"left\" valign=\"top\"><b>1. Vorsitzender <\/b><\/td>\n<td class=\"cell\" style=\"height: 10px; width: 36.8%;\" align=\"left\" valign=\"top\">Oliver Rombach<br \/>\nH\u00f6chenschwand<\/td>\n<td class=\"cell\" style=\"height: 10px; width: 39.52%;\" align=\"left\" valign=\"top\">vorstand(at)waldfreibad.com<\/td>\n<\/tr>\n<tr style=\"height: 24px;\">\n<td style=\"width: 23.52%; height: 24px;\"><strong>1. Vorsitzender<\/strong><b><br \/>\n<\/b><\/td>\n<td style=\"width: 36.8%; height: 24px;\">Philipp Schwarz<br \/>\nH\u00f6chenschwand<\/td>\n<td style=\"width: 39.52%; height: 24px;\">&nbsp;<\/td>\n<\/tr>\n<tr style=\"height: 24px;\">\n<td style=\"height: 24px; width: 23.52%;\"><strong>2. Vorsitzender<\/strong><b><br \/>\n<\/b><\/td>\n<td class=\"cell\" style=\"width: 36.8%; height: 24px;\" align=\"left\" valign=\"top\">vakant<\/td>\n<td style=\"height: 24px; width: 39.52%;\">&nbsp;<\/td>\n<\/tr>\n<tr class=\"odd\" style=\"height: 24px;\">\n<td class=\"cell\" style=\"height: 24px; width: 23.52%;\" align=\"left\" valign=\"top\"><b>Kassiererin<\/b><\/td>\n<td class=\"cell\" style=\"height: 24px; width: 36.8%;\" align=\"left\" valign=\"top\">Eva Jenzen-Georgii<br \/>\nH\u00f6chenschwand<\/td>\n<td class=\"cell\" style=\"height: 24px; width: 39.52%;\" align=\"left\" valign=\"top\">&nbsp;<\/td>\n<\/tr>\n<tr class=\"even\" style=\"height: 24px;\">\n<td class=\"cell\" style=\"height: 24px; width: 23.52%;\" align=\"left\" valign=\"top\"><b>Schriftf\u00fchrerin<\/b><\/td>\n<td class=\"cell\" style=\"height: 24px; width: 36.8%;\" align=\"left\" valign=\"top\">Nicole Philipp<br \/>\nH\u00e4usern<\/td>\n<td class=\"cell\" style=\"height: 24px; width: 39.52%;\" align=\"left\" valign=\"top\">&nbsp;<\/td>\n<\/tr>\n<tr class=\"odd\" style=\"height: 24px;\">\n<td class=\"cell\" style=\"height: 24px; width: 23.52%;\" align=\"left\" valign=\"top\"><b>Beisitzer-In<\/b><\/td>\n<td class=\"cell\" style=\"height: 24px; width: 36.8%;\" align=\"left\" valign=\"top\">Fabian Berger<br \/>\nH\u00f6chenschwand<\/td>\n<td class=\"cell\" style=\"height: 24px; width: 39.52%;\" align=\"left\" valign=\"top\">GR H\u00f6chenschwand<\/td>\n<\/tr>\n<tr>\n<td style=\"width: 23.52%;\">&nbsp;<\/td>\n<td style=\"width: 36.8%;\">Engelbert Dobler<br \/>\nH\u00e4usern<\/td>\n<td style=\"width: 39.52%;\">&nbsp;<\/td>\n<\/tr>\n<tr class=\"even\" style=\"height: 24px;\">\n<td class=\"cell\" style=\"height: 24px; width: 23.52%;\" align=\"left\" valign=\"top\">&nbsp;<\/td>\n<td class=\"cell\" style=\"width: 36.8%; height: 24px;\" align=\"left\" valign=\"top\">Thomas Dobler<br \/>\nH\u00e4usern<\/td>\n<td class=\"cell\" style=\"height: 24px; width: 39.52%;\" align=\"left\" valign=\"top\">&nbsp;<\/td>\n<\/tr>\n<tr class=\"even\" style=\"height: 24px;\">\n<td class=\"cell\" style=\"height: 24px; width: 23.52%;\" align=\"left\" valign=\"top\">&nbsp;<\/td>\n<td class=\"cell\" style=\"height: 24px; width: 36.8%;\" align=\"left\" valign=\"top\">Bernd Fromm<br \/>\nH\u00e4usern<\/td>\n<td class=\"cell\" style=\"height: 24px; width: 39.52%;\" align=\"left\" valign=\"top\">&nbsp;<\/td>\n<\/tr>\n<tr class=\"odd\" style=\"height: 24px;\">\n<td class=\"cell\" style=\"height: 24px; width: 23.52%;\" align=\"left\" valign=\"top\">&nbsp;<\/td>\n<td class=\"cell\" style=\"height: 24px; width: 36.8%;\" align=\"left\" valign=\"top\">Jutta Nei\u00dfer<br \/>\nH\u00e4usern<\/td>\n<td class=\"cell\" style=\"height: 24px; width: 39.52%;\" align=\"left\" valign=\"top\">&nbsp;<\/td>\n<\/tr>\n<tr class=\"odd\" style=\"height: 48px;\">\n<td class=\"cell\" style=\"width: 23.52%; height: 48px;\" align=\"left\" valign=\"top\">&nbsp;<\/td>\n<td class=\"cell\" style=\"width: 36.8%; height: 48px;\" align=\"left\" valign=\"top\">Julia Rogg<br \/>\nH\u00e4usern<\/td>\n<td class=\"cell\" style=\"width: 39.52%; height: 48px;\" align=\"left\" valign=\"top\">&nbsp;<\/td>\n<\/tr>\n<tr>\n<td style=\"width: 23.52%;\">&nbsp;<\/td>\n<td style=\"width: 36.8%;\">Wilfried Weisheit<br \/>\nH\u00f6chenschwand<\/td>\n<td style=\"width: 39.52%;\">&nbsp;<\/td>\n<\/tr>\n<tr class=\"odd\" style=\"height: 24px;\">\n<td class=\"cell\" style=\"height: 24px; width: 23.52%;\" align=\"left\" valign=\"top\">&nbsp;<\/td>\n<td class=\"cell\" style=\"height: 24px; width: 36.8%;\" align=\"left\" valign=\"top\">Thomas Warm<br \/>\nH\u00e4usern<\/td>\n<td class=\"cell\" style=\"height: 24px; width: 39.52%;\" align=\"left\" valign=\"top\">GR H\u00e4usern<\/td>\n<\/tr>\n<tr class=\"odd\" style=\"height: 48px;\">\n<td class=\"cell\" style=\"height: 48px; width: 23.52%;\" align=\"left\" valign=\"top\"><strong>Web-Redaktion<\/strong><\/td>\n<td class=\"cell\" style=\"height: 48px; width: 36.8%;\" align=\"left\" valign=\"top\">Stefanie Weiler<br \/>\nH\u00e4usern<\/td>\n<td class=\"cell\" style=\"height: 48px; width: 39.52%;\" align=\"left\" valign=\"top\">info(at)waldfreibad.com<\/td>\n<\/tr>\n<\/tbody>\n<\/table>\n<p>&nbsp;<\/p>\n","protected":false},"excerpt":{"rendered":"<p>Waldfreibad H\u00e4usern H\u00f6chenschwand<\/p>\n","protected":false},"author":1,"featured_media":0,"parent":58,"menu_order":1,"comment_status":"closed","ping_status":"closed","template":"","meta":{"ngg_post_thumbnail":0,"footnotes":""},"class_list":["post-189","page","type-page","status-publish","hentry"],"_links":{"self":[{"href":"https:\/\/www.waldfreibad.com\/index.php?rest_route=\/wp\/v2\/pages\/189","targetHints":{"allow":["GET"]}}],"collection":[{"href":"https:\/\/www.waldfreibad.com\/index.php?rest_route=\/wp\/v2\/pages"}],"about":[{"href":"https:\/\/www.waldfreibad.com\/index.php?rest_route=\/wp\/v2\/types\/page"}],"author":[{"embeddable":true,"href":"https:\/\/www.waldfreibad.com\/index.php?rest_route=\/wp\/v2\/users\/1"}],"replies":[{"embeddable":true,"href":"https:\/\/www.waldfreibad.com\/index.php?rest_route=%2Fwp%2Fv2%2Fcomments&post=189"}],"version-history":[{"count":34,"href":"https:\/\/www.waldfreibad.com\/index.php?rest_route=\/wp\/v2\/pages\/189\/revisions"}],"predecessor-version":[{"id":1886,"href":"https:\/\/www.waldfreibad.com\/index.php?rest_route=\/wp\/v2\/pages\/189\/revisions\/1886"}],"up":[{"embeddable":true,"href":"https:\/\/www.waldfreibad.com\/index.php?rest_route=\/wp\/v2\/pages\/58"}],"wp:attachment":[{"href":"https:\/\/www.waldfreibad.com\/index.php?rest_route=%2Fwp%2Fv2%2Fmedia&parent=189"}],"curies":[{"name":"wp","href":"https:\/\/api.w.org\/{rel}","templated":true}]}}