{"id":52,"date":"2015-02-27T19:08:13","date_gmt":"2015-02-27T18:08:13","guid":{"rendered":"http:\/\/www.waldfreibad.com\/wordpress\/?page_id=52"},"modified":"2015-03-01T21:03:25","modified_gmt":"2015-03-01T20:03:25","slug":"haftungsausschluss","status":"publish","type":"page","link":"https:\/\/www.waldfreibad.com\/?page_id=52","title":{"rendered":"Haftungsausschluss"},"content":{"rendered":"<div id=\"content\">\n<div id=\"youarehere\">\n<p>In einem Urteil vom 12. Mai 1998 hat das Landgericht Hamburg entschieden, dass durch eine Verlinkung auf Seiten Dritter unter Umst\u00e4nden eine Mitverantwortlichkeit f\u00fcr deren Inhalte besteht. Laut Urteil kann dies nur dadurch verhindert werden, dass der Anbieter des Links sich ausdr\u00fccklich von den Inhalten Dritter distanziert.<\/p>\n<\/div>\n<p>Es gilt daher f\u00fcr alle Links auf unseren Seiten:<\/p>\n<p>Die Vorstandschaft des Vereins Freunde des Waldfreibades e.V. und die f\u00fcr die Gestaltung des Internetauftrittes www.waldfreibad.com verantwortlichen Mitglieder, lehnen jegliche Verantwortung f\u00fcr die Inhalte Dritter ab, auf die mittels eines Links verwiesen wird.<\/p>\n<p>Vorsorglich distanzieren wir uns ausdr\u00fccklich von den dort publizierten Inhalten und weisen ausdr\u00fccklich daraufhin, dass lediglich die Webmaster der entsprechenden Seiten die M\u00f6glichkeit haben, Einfluss auf deren Gestaltung und Inhalte zu nehmen und wir somit daf\u00fcr nicht verantwortlich sind.<\/p>\n<p>Sollten sich auf unseren Seiten Links auf Seiten mit illegalen Inhalten befinden, bitten wir, uns umgehend dar\u00fcber zu unterrichten, damit wir die betreffenden Links entfernen k\u00f6nnen.<\/p>\n<p>Der Verein Freunde des Waldfreibades e.V. ist bem\u00fcht, sein Webangebot stets aktuell und inhaltlich richtig sowie vollst\u00e4ndig anzubieten.<\/p>\n<p>Dennoch ist das Auftreten von Fehlern nicht v\u00f6llig auszuschlie\u00dfen. Der Verein \u00fcbernimmt keine Haftung f\u00fcr die Aktualit\u00e4t, die inhaltliche Richtigkeit sowie f\u00fcr die Vollst\u00e4ndigkeit der in seinem Webangebot eingestellten Informationen, es sei denn, die Fehler wurden vors\u00e4tzlich oder grob fahrl\u00e4ssig aufgenommen. Dies bezieht sich auf eventuelle Sch\u00e4den materieller oder ideeller Art Dritter, die durch die Nutzung dieses Webangebotes verursacht wurden.<\/p>\n<\/div>\n","protected":false},"excerpt":{"rendered":"<p>Waldfreibad H\u00e4usern H\u00f6chenschwand<\/p>\n","protected":false},"author":1,"featured_media":0,"parent":53,"menu_order":1,"comment_status":"closed","ping_status":"closed","template":"","meta":{"ngg_post_thumbnail":0,"footnotes":""},"class_list":["post-52","page","type-page","status-publish","hentry"],"_links":{"self":[{"href":"https:\/\/www.waldfreibad.com\/index.php?rest_route=\/wp\/v2\/pages\/52","targetHints":{"allow":["GET"]}}],"collection":[{"href":"https:\/\/www.waldfreibad.com\/index.php?rest_route=\/wp\/v2\/pages"}],"about":[{"href":"https:\/\/www.waldfreibad.com\/index.php?rest_route=\/wp\/v2\/types\/page"}],"author":[{"embeddable":true,"href":"https:\/\/www.waldfreibad.com\/index.php?rest_route=\/wp\/v2\/users\/1"}],"replies":[{"embeddable":true,"href":"https:\/\/www.waldfreibad.com\/index.php?rest_route=%2Fwp%2Fv2%2Fcomments&post=52"}],"version-history":[{"count":1,"href":"https:\/\/www.waldfreibad.com\/index.php?rest_route=\/wp\/v2\/pages\/52\/revisions"}],"predecessor-version":[{"id":271,"href":"https:\/\/www.waldfreibad.com\/index.php?rest_route=\/wp\/v2\/pages\/52\/revisions\/271"}],"up":[{"embeddable":true,"href":"https:\/\/www.waldfreibad.com\/index.php?rest_route=\/wp\/v2\/pages\/53"}],"wp:attachment":[{"href":"https:\/\/www.waldfreibad.com\/index.php?rest_route=%2Fwp%2Fv2%2Fmedia&parent=52"}],"curies":[{"name":"wp","href":"https:\/\/api.w.org\/{rel}","templated":true}]}}