{"id":54,"date":"2015-02-27T19:08:13","date_gmt":"2015-02-27T19:08:13","guid":{"rendered":"http:\/\/www.waldfreibad.com\/wordpress\/?page_id=54"},"modified":"2026-04-27T12:16:37","modified_gmt":"2026-04-27T10:16:37","slug":"willkommen-im-waldfreibad-haeusern-hoechenschwand","status":"publish","type":"page","link":"https:\/\/www.waldfreibad.com\/","title":{"rendered":"Willkommen im Waldfreibad H\u00e4usern-H\u00f6chenschwand"},"content":{"rendered":"<p>Bald ist es wieder soweit &#8211; die neue Badesaison startet. Die wichtigsten Infos:<\/p>\n<p><strong>Saisonbeginn<\/strong> voraussichtlich am 24. Mai 2026<br><strong>Saisonkartenvorverkauf:<\/strong>&nbsp; die Karten sind aktuell bei den Sparkassen in St. Blasien &amp; H\u00f6chenschwand sowie dem B\u00fcrgerb\u00fcro H\u00e4usern und der Tourist-Info H\u00f6chenschwand erh\u00e4ltlich.&nbsp;<br>Vorverkaufspreise Saisonkarten:<br>Kinder\/Jugendliche 50,- \u20ac<br>Erwachsene 60,- \u20ac<br>Familien 115,- \u20ac<\/p>\n<p>Aktuell finden jeden Samstag ab 9:30 Uhr Arbeitseins\u00e4tze statt, da noch einige Sanierungsma\u00dfnahmen abgeschlossen werden m\u00fcssen &#8211; \u00fcber Ihre Unterst\u00fctzung w\u00fcrden wir uns sehr freuen!<\/p>\n<hr>\n<p>Wollt ihr immer auf dem Laufenden bleiben? Dann kommt in unsere WhatsApp-Gruppe oder folgt uns auf Instagram!<\/p>\n<p><a href=\"https:\/\/www.waldfreibad.com\/wordpress\/wp-content\/uploads\/QR-Code-klein.jpg\"><img loading=\"lazy\" decoding=\"async\" class=\"wp-image-1900 alignleft\" src=\"https:\/\/www.waldfreibad.com\/wordpress\/wp-content\/uploads\/QR-Code-klein.jpg\" alt=\"\" width=\"259\" height=\"341\" srcset=\"https:\/\/www.waldfreibad.com\/wordpress\/wp-content\/uploads\/QR-Code-klein.jpg 729w, https:\/\/www.waldfreibad.com\/wordpress\/wp-content\/uploads\/QR-Code-klein-228x300.jpg 228w, https:\/\/www.waldfreibad.com\/wordpress\/wp-content\/uploads\/QR-Code-klein-624x821.jpg 624w\" sizes=\"auto, (max-width: 259px) 100vw, 259px\" \/><\/a><a href=\"https:\/\/www.waldfreibad.com\/wordpress\/wp-content\/uploads\/QR-Code-Insta-scaled.jpg\"><img loading=\"lazy\" decoding=\"async\" class=\"alignnone  wp-image-2000\" src=\"https:\/\/www.waldfreibad.com\/wordpress\/wp-content\/uploads\/QR-Code-Insta-scaled.jpg\" alt=\"\" width=\"338\" height=\"353\" srcset=\"https:\/\/www.waldfreibad.com\/wordpress\/wp-content\/uploads\/QR-Code-Insta-scaled.jpg 2451w, https:\/\/www.waldfreibad.com\/wordpress\/wp-content\/uploads\/QR-Code-Insta-287x300.jpg 287w, https:\/\/www.waldfreibad.com\/wordpress\/wp-content\/uploads\/QR-Code-Insta-981x1024.jpg 981w, https:\/\/www.waldfreibad.com\/wordpress\/wp-content\/uploads\/QR-Code-Insta-768x802.jpg 768w, https:\/\/www.waldfreibad.com\/wordpress\/wp-content\/uploads\/QR-Code-Insta-1471x1536.jpg 1471w, https:\/\/www.waldfreibad.com\/wordpress\/wp-content\/uploads\/QR-Code-Insta-1961x2048.jpg 1961w, https:\/\/www.waldfreibad.com\/wordpress\/wp-content\/uploads\/QR-Code-Insta-624x652.jpg 624w\" sizes=\"auto, (max-width: 338px) 100vw, 338px\" \/><\/a><\/p>\n<p>&nbsp;<\/p>\n<hr>\n<p>Das <i>Waldfreibad H\u00e4usern-H\u00f6chenschwand<\/i>&nbsp;liegt mitten im Wald <img loading=\"lazy\" decoding=\"async\" class=\"alignnone wp-image-294 alignright\" src=\"https:\/\/www.waldfreibad.com\/wordpress\/wp-content\/uploads\/holzschild.jpg\" alt=\"holzschild\" width=\"194\" height=\"139\" srcset=\"https:\/\/www.waldfreibad.com\/wordpress\/wp-content\/uploads\/holzschild.jpg 1204w, https:\/\/www.waldfreibad.com\/wordpress\/wp-content\/uploads\/holzschild-300x215.jpg 300w, https:\/\/www.waldfreibad.com\/wordpress\/wp-content\/uploads\/holzschild-1024x733.jpg 1024w, https:\/\/www.waldfreibad.com\/wordpress\/wp-content\/uploads\/holzschild-624x447.jpg 624w\" sizes=\"auto, (max-width: 194px) 100vw, 194px\" \/>zwischen H\u00e4usern und H\u00f6chenschwand und&nbsp;gilt mit 971&nbsp;m \u00fcber&nbsp;NN als das h\u00f6chstgelegene beheizte 50-m-Freibad Deutschlands. Seit 2005 wird das Bad durch den eigens gegr\u00fcndeten privaten F\u00f6rderverein betrieben.<\/p>\n<p>Kommen Sie in unser Waldfreibad und erleben Sie einen wundersch\u00f6nen Tag in Mitten der Natur. In der Saison (Ende Mai bis Anfang September) hat das Bad von Dienstag &#8211; Sonntag von 10:00 bis 18:30 Uhr und bei schlechtem Wetter von 14:00 bis 17:00 Uhr ge\u00f6ffnet. Montag ist Ruhetag.<\/p>\n<p><a href=\"https:\/\/www.waldfreibad.com\/wordpress\/wp-content\/uploads\/waldfreibad.jpg\" target=\"_blank\" rel=\"noopener\"><img loading=\"lazy\" decoding=\"async\" class=\"alignnone size-large wp-image-826\" src=\"https:\/\/www.waldfreibad.com\/wordpress\/wp-content\/uploads\/waldfreibad-1024x576.jpg\" alt=\"waldfreibad\" width=\"625\" height=\"352\" srcset=\"https:\/\/www.waldfreibad.com\/wordpress\/wp-content\/uploads\/waldfreibad-1024x576.jpg 1024w, https:\/\/www.waldfreibad.com\/wordpress\/wp-content\/uploads\/waldfreibad-300x169.jpg 300w, https:\/\/www.waldfreibad.com\/wordpress\/wp-content\/uploads\/waldfreibad-624x351.jpg 624w\" sizes=\"auto, (max-width: 625px) 100vw, 625px\" \/><\/a><\/p>\n<p><em><strong>Wir freuen uns sehr \u00fcber jedes neue Mitglied. Bitte unterst\u00fctzen Sie mit Ihrer Mitgliedschaft den Erhalt des Waldfreibades:<\/strong><\/em><br><span style=\"color: #ff0000;\">zur <a style=\"color: #ff0000;\" href=\"https:\/\/www.waldfreibad.com\/wordpress\/wp-content\/uploads\/Beitrittserklaerung-2026.pdf\">Beitrittserkl\u00e4rung<\/a><\/span><\/p>\n\n\n\n","protected":false},"excerpt":{"rendered":"<p>Waldfreibad H\u00e4usern H\u00f6chenschwand<\/p>\n","protected":false},"author":1,"featured_media":0,"parent":0,"menu_order":0,"comment_status":"closed","ping_status":"closed","template":"","meta":{"ngg_post_thumbnail":0,"footnotes":""},"class_list":["post-54","page","type-page","status-publish","hentry"],"_links":{"self":[{"href":"https:\/\/www.waldfreibad.com\/index.php?rest_route=\/wp\/v2\/pages\/54","targetHints":{"allow":["GET"]}}],"collection":[{"href":"https:\/\/www.waldfreibad.com\/index.php?rest_route=\/wp\/v2\/pages"}],"about":[{"href":"https:\/\/www.waldfreibad.com\/index.php?rest_route=\/wp\/v2\/types\/page"}],"author":[{"embeddable":true,"href":"https:\/\/www.waldfreibad.com\/index.php?rest_route=\/wp\/v2\/users\/1"}],"replies":[{"embeddable":true,"href":"https:\/\/www.waldfreibad.com\/index.php?rest_route=%2Fwp%2Fv2%2Fcomments&post=54"}],"version-history":[{"count":118,"href":"https:\/\/www.waldfreibad.com\/index.php?rest_route=\/wp\/v2\/pages\/54\/revisions"}],"predecessor-version":[{"id":2003,"href":"https:\/\/www.waldfreibad.com\/index.php?rest_route=\/wp\/v2\/pages\/54\/revisions\/2003"}],"wp:attachment":[{"href":"https:\/\/www.waldfreibad.com\/index.php?rest_route=%2Fwp%2Fv2%2Fmedia&parent=54"}],"curies":[{"name":"wp","href":"https:\/\/api.w.org\/{rel}","templated":true}]}}