{"id":57,"date":"2015-02-27T19:08:13","date_gmt":"2015-02-27T19:08:13","guid":{"rendered":"http:\/\/www.waldfreibad.com\/wordpress\/?page_id=57"},"modified":"2015-03-01T21:04:10","modified_gmt":"2015-03-01T20:04:10","slug":"nutzungsrechte","status":"publish","type":"page","link":"https:\/\/www.waldfreibad.com\/?page_id=57","title":{"rendered":"Nutzungsrechte"},"content":{"rendered":"<div id=\"content\">\n<div id=\"youarehere\">\n<p>Die Urheberrechte dieser Web-Site liegen vollst\u00e4ndig bei der Vorstandschaft des Vereins Freunde des Waldfreibades e.V.<\/p>\n<\/div>\n<p>Bildmotive d\u00fcrfen nur f\u00fcr redaktionelle Zwecke genutzt werden. Die Verwendung ist honorarfrei bei Quellenangabe und \u00dcbersendung eines kostenlosen Belegexemplars an die Vorstandschaft des Vereins Freunde des Waldfreibades. Grafische Ver\u00e4nderungen &#8211; au\u00dfer zum Freistellen des Hauptmotivs &#8211; sind nicht gestattet.<\/p>\n<p>Es ist hiermit ausdr\u00fccklich gestattet &#8211; unter Ma\u00dfgabe untenstehender Einschr\u00e4nkungen &#8211; diese Web-Seiten sowie darin eingeh\u00e4ngte Dokumente zu kopieren, zu drucken und zu verteilen.<\/p>\n<p>Die hier zur Verf\u00fcgung gestellten Web-Seiten und Dokumente d\u00fcrfen nur zu Informationszwecken verwendet werden. Diese Seiten und Dokumente d\u00fcrfen nicht kommerziell verwertet werden.<\/p>\n<p>Jede Kopie (dies gilt auch f\u00fcr Ausz\u00fcge) muss diesen Urheberrechtsnachweis enthalten.<\/p>\n<p>Copyright \u00a9 2005 by Freunde des Waldfreibades e.V.<\/p>\n<p>Alle Rechte vorbehalten.<\/p>\n<div id=\"more\"><\/div>\n<\/div>\n","protected":false},"excerpt":{"rendered":"<p>Waldfreibad H\u00e4usern H\u00f6chenschwand<\/p>\n","protected":false},"author":1,"featured_media":0,"parent":53,"menu_order":2,"comment_status":"closed","ping_status":"closed","template":"","meta":{"ngg_post_thumbnail":0,"footnotes":""},"class_list":["post-57","page","type-page","status-publish","hentry"],"_links":{"self":[{"href":"https:\/\/www.waldfreibad.com\/index.php?rest_route=\/wp\/v2\/pages\/57","targetHints":{"allow":["GET"]}}],"collection":[{"href":"https:\/\/www.waldfreibad.com\/index.php?rest_route=\/wp\/v2\/pages"}],"about":[{"href":"https:\/\/www.waldfreibad.com\/index.php?rest_route=\/wp\/v2\/types\/page"}],"author":[{"embeddable":true,"href":"https:\/\/www.waldfreibad.com\/index.php?rest_route=\/wp\/v2\/users\/1"}],"replies":[{"embeddable":true,"href":"https:\/\/www.waldfreibad.com\/index.php?rest_route=%2Fwp%2Fv2%2Fcomments&post=57"}],"version-history":[{"count":1,"href":"https:\/\/www.waldfreibad.com\/index.php?rest_route=\/wp\/v2\/pages\/57\/revisions"}],"predecessor-version":[{"id":273,"href":"https:\/\/www.waldfreibad.com\/index.php?rest_route=\/wp\/v2\/pages\/57\/revisions\/273"}],"up":[{"embeddable":true,"href":"https:\/\/www.waldfreibad.com\/index.php?rest_route=\/wp\/v2\/pages\/53"}],"wp:attachment":[{"href":"https:\/\/www.waldfreibad.com\/index.php?rest_route=%2Fwp%2Fv2%2Fmedia&parent=57"}],"curies":[{"name":"wp","href":"https:\/\/api.w.org\/{rel}","templated":true}]}}