{"id":717,"date":"2015-03-01T20:02:34","date_gmt":"2015-03-01T19:02:34","guid":{"rendered":"http:\/\/www.waldfreibad.com\/?page_id=717"},"modified":"2019-06-24T13:48:26","modified_gmt":"2019-06-24T11:48:26","slug":"beschreibung","status":"publish","type":"page","link":"https:\/\/www.waldfreibad.com\/?page_id=717","title":{"rendered":"Beschreibung"},"content":{"rendered":"<p><a href=\"https:\/\/www.waldfreibad.com\/wordpress\/wp-content\/uploads\/schwimm21.jpg\"><img loading=\"lazy\" decoding=\"async\" class=\" size-medium wp-image-299 alignright\" src=\"https:\/\/www.waldfreibad.com\/wordpress\/wp-content\/uploads\/schwimm21-300x278.jpg\" alt=\"schwimm21\" width=\"300\" height=\"278\" srcset=\"https:\/\/www.waldfreibad.com\/wordpress\/wp-content\/uploads\/schwimm21-300x278.jpg 300w, https:\/\/www.waldfreibad.com\/wordpress\/wp-content\/uploads\/schwimm21-1024x948.jpg 1024w, https:\/\/www.waldfreibad.com\/wordpress\/wp-content\/uploads\/schwimm21-624x578.jpg 624w, https:\/\/www.waldfreibad.com\/wordpress\/wp-content\/uploads\/schwimm21.jpg 1204w\" sizes=\"auto, (max-width: 300px) 100vw, 300px\" \/><\/a>Das Waldfreibad H\u00e4usern-H\u00f6chenschwand ist idyllisch gelegen im Wald zwischen H\u00e4usern und H\u00f6chenschwand.<br \/>\nDer umliegende Wald garantiert einen Badegenu\u00df in nat\u00fcrlich gesunder Umgebung. Durch die H\u00f6henlage auf 971 m genie\u00dft man die Vorteile eines Sommers mit ertr\u00e4glichen Umgebungstemperaturen, ohne auf angenehme Wassertemperaturen verzichten zu m\u00fcssen.<br \/>\nDas Waldfreibad H\u00e4usern-H\u00f6chenschwand geh\u00f6rt zu den h\u00f6chst gelegenen beheizten Freischwimmb\u00e4dern Deutschlands.<\/p>\n<p>Und das erwartet Sie<\/p>\n<ul class=\"content\">\n<li class=\"content\">Badespa\u00df bei jedem Wetter<\/li>\n<li class=\"content\">durchgehend Wassertemperaturen von mind. 21\u00b0C<\/li>\n<li class=\"content\">Gro\u00dfes Schwimmbecken mit Nichtschwimmerbereich 50 x 17,5 m<\/li>\n<li class=\"content\">Kinderrutsche<\/li>\n<li class=\"content\">Interessanter Kleinkind Bade-Spa\u00df<\/li>\n<li class=\"content\">Spielger\u00e4te f\u00fcr die Kleinen<\/li>\n<li class=\"content\">Tischtennis, professionelle Beach-Volleyball-Anlage<\/li>\n<li class=\"content\">Gro\u00dfe, sonnige Liegewiese mit schattigen Pl\u00e4tzen<\/li>\n<li class=\"content\">Liegestuhlverleih<\/li>\n<li class=\"content\">Caf\u00e9-Restaurant<\/li>\n<li class=\"content\">Parkpl\u00e4tze<\/li>\n<\/ul>\n","protected":false},"excerpt":{"rendered":"<p>Das Waldfreibad H\u00e4usern-H\u00f6chenschwand ist idyllisch gelegen im Wald zwischen H\u00e4usern und H\u00f6chenschwand. Der umliegende Wald garantiert einen Badegenu\u00df in nat\u00fcrlich gesunder Umgebung. Durch die H\u00f6henlage auf 971 m genie\u00dft man die Vorteile eines Sommers mit ertr\u00e4glichen Umgebungstemperaturen, ohne auf angenehme Wassertemperaturen verzichten zu m\u00fcssen. Das Waldfreibad H\u00e4usern-H\u00f6chenschwand geh\u00f6rt zu den h\u00f6chst gelegenen beheizten Freischwimmb\u00e4dern Deutschlands. [&hellip;]<\/p>\n","protected":false},"author":1,"featured_media":0,"parent":9,"menu_order":0,"comment_status":"closed","ping_status":"closed","template":"","meta":{"ngg_post_thumbnail":0,"footnotes":""},"class_list":["post-717","page","type-page","status-publish","hentry"],"_links":{"self":[{"href":"https:\/\/www.waldfreibad.com\/index.php?rest_route=\/wp\/v2\/pages\/717","targetHints":{"allow":["GET"]}}],"collection":[{"href":"https:\/\/www.waldfreibad.com\/index.php?rest_route=\/wp\/v2\/pages"}],"about":[{"href":"https:\/\/www.waldfreibad.com\/index.php?rest_route=\/wp\/v2\/types\/page"}],"author":[{"embeddable":true,"href":"https:\/\/www.waldfreibad.com\/index.php?rest_route=\/wp\/v2\/users\/1"}],"replies":[{"embeddable":true,"href":"https:\/\/www.waldfreibad.com\/index.php?rest_route=%2Fwp%2Fv2%2Fcomments&post=717"}],"version-history":[{"count":3,"href":"https:\/\/www.waldfreibad.com\/index.php?rest_route=\/wp\/v2\/pages\/717\/revisions"}],"predecessor-version":[{"id":1624,"href":"https:\/\/www.waldfreibad.com\/index.php?rest_route=\/wp\/v2\/pages\/717\/revisions\/1624"}],"up":[{"embeddable":true,"href":"https:\/\/www.waldfreibad.com\/index.php?rest_route=\/wp\/v2\/pages\/9"}],"wp:attachment":[{"href":"https:\/\/www.waldfreibad.com\/index.php?rest_route=%2Fwp%2Fv2%2Fmedia&parent=717"}],"curies":[{"name":"wp","href":"https:\/\/api.w.org\/{rel}","templated":true}]}}