{"id":9,"date":"2015-02-27T19:08:14","date_gmt":"2015-02-27T19:08:14","guid":{"rendered":"http:\/\/www.waldfreibad.com\/wordpress\/?page_id=9"},"modified":"2015-03-01T20:03:03","modified_gmt":"2015-03-01T19:03:03","slug":"bad","status":"publish","type":"page","link":"https:\/\/www.waldfreibad.com\/?page_id=9","title":{"rendered":"das Bad"},"content":{"rendered":"<p><a href=\"https:\/\/www.waldfreibad.com\/wordpress\/wp-content\/uploads\/schwimm21.jpg\"><img loading=\"lazy\" decoding=\"async\" class=\"  wp-image-299 alignright\" src=\"https:\/\/www.waldfreibad.com\/wordpress\/wp-content\/uploads\/schwimm21-300x278.jpg\" alt=\"schwimm21\" width=\"214\" height=\"198\" srcset=\"https:\/\/www.waldfreibad.com\/wordpress\/wp-content\/uploads\/schwimm21-300x278.jpg 300w, https:\/\/www.waldfreibad.com\/wordpress\/wp-content\/uploads\/schwimm21-1024x948.jpg 1024w, https:\/\/www.waldfreibad.com\/wordpress\/wp-content\/uploads\/schwimm21-624x578.jpg 624w, https:\/\/www.waldfreibad.com\/wordpress\/wp-content\/uploads\/schwimm21.jpg 1204w\" sizes=\"auto, (max-width: 214px) 100vw, 214px\" \/><\/a>Das Waldfreibad H\u00e4usern-H\u00f6chenschwand ist idyllisch gelegen im Wald zwischen H\u00e4usern und H\u00f6chenschwand.<br \/>\nDer umliegende Wald garantiert einen Badegenu\u00df in nat\u00fcrlich gesunder Umgebung. Durch die H\u00f6henlage auf 971 m genie\u00dft man die Vorteile eines Sommers mit ertr\u00e4glichen Umgebungstemperaturen, ohne auf angenehme Wassertemperaturen verzichten zu m\u00fcssen.<br \/>\nDas Waldfreibad H\u00e4usern-H\u00f6chenschwand geh\u00f6rt zu den h\u00f6chst gelegenen beheizten Freischwimmb\u00e4dern Deutschlands.<\/p>\n","protected":false},"excerpt":{"rendered":"<p>Waldfreibad H\u00e4usern H\u00f6chenschwand<\/p>\n","protected":false},"author":1,"featured_media":0,"parent":0,"menu_order":100,"comment_status":"closed","ping_status":"closed","template":"","meta":{"ngg_post_thumbnail":0,"footnotes":""},"class_list":["post-9","page","type-page","status-publish","hentry"],"_links":{"self":[{"href":"https:\/\/www.waldfreibad.com\/index.php?rest_route=\/wp\/v2\/pages\/9","targetHints":{"allow":["GET"]}}],"collection":[{"href":"https:\/\/www.waldfreibad.com\/index.php?rest_route=\/wp\/v2\/pages"}],"about":[{"href":"https:\/\/www.waldfreibad.com\/index.php?rest_route=\/wp\/v2\/types\/page"}],"author":[{"embeddable":true,"href":"https:\/\/www.waldfreibad.com\/index.php?rest_route=\/wp\/v2\/users\/1"}],"replies":[{"embeddable":true,"href":"https:\/\/www.waldfreibad.com\/index.php?rest_route=%2Fwp%2Fv2%2Fcomments&post=9"}],"version-history":[{"count":5,"href":"https:\/\/www.waldfreibad.com\/index.php?rest_route=\/wp\/v2\/pages\/9\/revisions"}],"predecessor-version":[{"id":720,"href":"https:\/\/www.waldfreibad.com\/index.php?rest_route=\/wp\/v2\/pages\/9\/revisions\/720"}],"wp:attachment":[{"href":"https:\/\/www.waldfreibad.com\/index.php?rest_route=%2Fwp%2Fv2%2Fmedia&parent=9"}],"curies":[{"name":"wp","href":"https:\/\/api.w.org\/{rel}","templated":true}]}}